{"id":1047,"date":"2019-10-13T20:12:13","date_gmt":"2019-10-13T18:12:13","guid":{"rendered":"https:\/\/avada.theme-fusion.com_demos\/law\/?page_id=10"},"modified":"2023-03-16T18:36:46","modified_gmt":"2023-03-16T17:36:46","slug":"who-we-are","status":"publish","type":"page","link":"https:\/\/douceurduson.com\/?page_id=1047","title":{"rendered":"Qui suis-je ?"},"content":{"rendered":"<div class=\"fusion-fullwidth fullwidth-box fusion-builder-row-1 nonhundred-percent-fullwidth non-hundred-percent-height-scrolling\" style=\"--awb-border-radius-top-left:0px;--awb-border-radius-top-right:0px;--awb-border-radius-bottom-right:0px;--awb-border-radius-bottom-left:0px;--awb-flex-wrap:wrap;\" ><\/div><div class=\"fusion-fullwidth fullwidth-box fusion-builder-row-2 nonhundred-percent-fullwidth non-hundred-percent-height-scrolling\" style=\"--awb-border-radius-top-left:0px;--awb-border-radius-top-right:0px;--awb-border-radius-bottom-right:0px;--awb-border-radius-bottom-left:0px;--awb-flex-wrap:wrap;\" ><\/div><div class=\"fusion-fullwidth fullwidth-box fusion-builder-row-3 nonhundred-percent-fullwidth non-hundred-percent-height-scrolling\" style=\"--awb-border-radius-top-left:0px;--awb-border-radius-top-right:0px;--awb-border-radius-bottom-right:0px;--awb-border-radius-bottom-left:0px;--awb-flex-wrap:wrap;\" ><\/div><div class=\"fusion-fullwidth fullwidth-box fusion-builder-row-4 nonhundred-percent-fullwidth non-hundred-percent-height-scrolling\" style=\"--awb-border-radius-top-left:0px;--awb-border-radius-top-right:0px;--awb-border-radius-bottom-right:0px;--awb-border-radius-bottom-left:0px;--awb-flex-wrap:wrap;\" ><div class=\"fusion-builder-row fusion-row\"><div class=\"fusion-layout-column fusion_builder_column fusion-builder-column-0 fusion_builder_column_1_1 1_1 fusion-one-full fusion-column-first fusion-column-last\" style=\"--awb-bg-size:cover;--awb-margin-bottom:0px;\"><div class=\"fusion-column-wrapper fusion-flex-column-wrapper-legacy\"><div class=\"fusion-text fusion-text-1\"><p><!-- \/wp:post-content --><\/p>\n<p><!-- wp:paragraph --><\/p>\n<\/div><div class=\"fusion-clearfix\"><\/div><\/div><\/div><\/div><\/div><div class=\"fusion-fullwidth fullwidth-box fusion-builder-row-5 nonhundred-percent-fullwidth non-hundred-percent-height-scrolling\" style=\"--awb-border-radius-top-left:0px;--awb-border-radius-top-right:0px;--awb-border-radius-bottom-right:0px;--awb-border-radius-bottom-left:0px;--awb-flex-wrap:wrap;\" ><div class=\"fusion-builder-row fusion-row\"><div class=\"fusion-layout-column fusion_builder_column fusion-builder-column-1 fusion_builder_column_1_3 1_3 fusion-one-third fusion-column-first\" style=\"--awb-bg-size:cover;width:33.333333333333%;width:calc(33.333333333333% - ( ( 4% ) * 0.33333333333333 ) );margin-right: 4%;\"><div class=\"fusion-column-wrapper fusion-column-has-shadow fusion-flex-column-wrapper-legacy\"><div class=\"fusion-image-element fusion-image-align-center in-legacy-container\" style=\"text-align:center;--awb-liftup-border-radius:0px;--awb-caption-title-font-family:var(--h2_typography-font-family);--awb-caption-title-font-weight:var(--h2_typography-font-weight);--awb-caption-title-font-style:var(--h2_typography-font-style);--awb-caption-title-size:var(--h2_typography-font-size);--awb-caption-title-transform:var(--h2_typography-text-transform);--awb-caption-title-line-height:var(--h2_typography-line-height);--awb-caption-title-letter-spacing:var(--h2_typography-letter-spacing);\"><div class=\"imageframe-align-center\"><div class=\"awb-image-frame awb-image-frame-1 imageframe-liftup\" style=\"max-width:200px;\"><span class=\" fusion-imageframe imageframe-dropshadow imageframe-1\" style=\"-webkit-box-shadow: 10px 10px 14px rgba(0,0,0,0.3);box-shadow: 10px 10px 14px rgba(0,0,0,0.3);\"><img decoding=\"async\" width=\"254\" height=\"300\" alt=\"Jacqueline\" title=\"Douceur du Son &#8211; Massages &#8211; Relaxation Sonore &#8211; Tai Chi \u2013 Idogo\u00ae &#8211; Reiki -Li\u00e8ge &#8211; Belgique\" src=\"https:\/\/douceurduson.com\/wp-content\/uploads\/2019\/10\/MG_6123-e1570381084462-254x300.jpg\" class=\"img-responsive wp-image-1123\" srcset=\"https:\/\/douceurduson.com\/wp-content\/uploads\/2019\/10\/MG_6123-e1570381084462-200x236.jpg 200w, https:\/\/douceurduson.com\/wp-content\/uploads\/2019\/10\/MG_6123-e1570381084462-400x472.jpg 400w, https:\/\/douceurduson.com\/wp-content\/uploads\/2019\/10\/MG_6123-e1570381084462-600x708.jpg 600w, https:\/\/douceurduson.com\/wp-content\/uploads\/2019\/10\/MG_6123-e1570381084462-800x944.jpg 800w, https:\/\/douceurduson.com\/wp-content\/uploads\/2019\/10\/MG_6123-e1570381084462-1200x1417.jpg 1200w\" sizes=\"(max-width: 850px) 100vw, 400px\" \/><\/span><\/div><\/div><\/div><div class=\"fusion-text fusion-text-2\"><h3 style=\"text-align: center; font-family: 'Open Sans Condensed'; font-weight: 300; font-size: 20px;\" data-fusion-font=\"true\" data-fusion-google-font=\"Open Sans Condensed\" data-fusion-google-variant=\"300\" data-fusion-google-subset=\"latin\">Jacqueline Habraken<\/h3>\n<\/div><div class=\"fusion-clearfix\"><\/div><\/div><\/div><div class=\"fusion-layout-column fusion_builder_column fusion-builder-column-2 fusion_builder_column_2_3 2_3 fusion-two-third fusion-column-last\" style=\"--awb-bg-size:cover;width:66.666666666667%;width:calc(66.666666666667% - ( ( 4% ) * 0.66666666666667 ) );\"><div class=\"fusion-column-wrapper fusion-column-has-shadow fusion-flex-column-wrapper-legacy\"><div class=\"fusion-text fusion-text-3\"><p>Ayant d\u00e9couvert le Tai Chi en 1996 au sein de <b>l&rsquo;ITCCA<\/b>, apr\u00e8s quelques ann\u00e9es de pratique, j&rsquo;ai intensifi\u00e9 pour pouvoir commencer \u00e0 l&rsquo;enseigner en passant  les certifications annuelles aupr\u00e8s de <b>Ma\u00eetre CHU King Hung \u00e0 Londres.   <\/b><span style=\"background-color: rgba(255, 255, 255, 0); color: var(--body_typography-color); font-family: var(--body_typography-font-family); font-size: var(--body_typography-font-size); font-style: var(--body_typography-font-style,normal); font-weight: var(--body_typography-font-weight); letter-spacing: var(--body_typography-letter-spacing);\">En 2005 j&rsquo;ai continu\u00e9 \u00e0 me former au sein de l&rsquo;ABTCC<\/span><span style=\"background-color: rgba(255, 255, 255, 0); color: var(--body_typography-color); font-family: var(--body_typography-font-family); font-size: var(--body_typography-font-size); font-style: var(--body_typography-font-style,normal); font-weight: var(--body_typography-font-weight); letter-spacing: var(--body_typography-letter-spacing);\">.<\/span><b style=\"color: var(--body_typography-color); font-family: var(--body_typography-font-family); font-size: var(--body_typography-font-size); font-style: var(--body_typography-font-style,normal); letter-spacing: var(--body_typography-letter-spacing); background-color: rgba(255, 255, 255, 0);\">                                                              <\/b><span style=\"color: var(--body_typography-color); font-family: var(--body_typography-font-family); font-size: var(--body_typography-font-size); font-style: var(--body_typography-font-style,normal); font-weight: var(--body_typography-font-weight); letter-spacing: var(--body_typography-letter-spacing); background-color: rgba(255, 255, 255, 0);\"> <\/span><\/p>\n<p><span style=\"color: var(--body_typography-color); font-family: var(--body_typography-font-family); font-size: var(--body_typography-font-size); font-style: var(--body_typography-font-style,normal); font-weight: var(--body_typography-font-weight); letter-spacing: var(--body_typography-letter-spacing); background-color: rgba(255, 255, 255, 0);\">Enseignante depuis l&rsquo;an 2000, j&rsquo;aime partager la pr\u00e9cision du mouvement correct permettant la  d\u00e9tente musculaire secret de la libre circulation de l&rsquo; \u00e9nergie dans notre corps. <\/span><span style=\"color: var(--body_typography-color); font-family: var(--body_typography-font-family); font-size: var(--body_typography-font-size); font-style: var(--body_typography-font-style,normal); font-weight: var(--body_typography-font-weight); letter-spacing: var(--body_typography-letter-spacing); background-color: rgba(255, 255, 255, 0);\">                                                                                                                                   <\/span><\/p>\n<p><span style=\"color: rgb(1, 31, 102); font-family: var(--body_typography-font-family); font-size: var(--body_typography-font-size); font-style: var(--body_typography-font-style,normal); font-weight: var(--body_typography-font-weight); letter-spacing: var(--body_typography-letter-spacing); background-color: rgba(255, 255, 255, 0);\">En 2015 j&rsquo;ai eu la chance de rencontrer un Ma\u00eetre en Allemagne en la personne de Ping Liong Tjoa et d&rsquo;entreprendre une <\/span><b style=\"color: rgb(1, 31, 102); font-family: var(--body_typography-font-family); font-size: var(--body_typography-font-size); font-style: var(--body_typography-font-style,normal); letter-spacing: var(--body_typography-letter-spacing); background-color: rgba(255, 255, 255, 0);\">formation de Qi Gong et de Tai Chi Chuan IDOGO<\/b><span style=\"color: var(--body_typography-color); font-family: var(--body_typography-font-family); font-size: var(--body_typography-font-size); font-style: var(--body_typography-font-style,normal); font-weight: var(--body_typography-font-weight); letter-spacing: var(--body_typography-letter-spacing); background-color: rgba(255, 255, 255, 0);\"><b style=\"color: rgb(1, 31, 102);\">\u00ae. <\/b><\/span><span style=\"color: rgb(1, 31, 102); font-family: var(--body_typography-font-family); font-size: var(--body_typography-font-size); font-style: var(--body_typography-font-style,normal); font-weight: var(--body_typography-font-weight); letter-spacing: var(--body_typography-letter-spacing); background-color: rgba(255, 255, 255, 0);\">                                                        Chaque ann\u00e9e, 8 \u00e0 10 jours de cours particuliers r\u00e9partis en plusieurs s\u00e9jours \u00e0 Stuttgart m&rsquo;ont men\u00e9e \u00e0 une approche diff\u00e9rente de la forme Yang.                                                                                                                 Depuis 2020 jeune \u00ab\u00a0retrait\u00e9e !\u00a0\u00bb j&rsquo;ai pu fortement augmenter ma disponibilit\u00e9 en temps pour pratiquer plus. j&rsquo;ai aussi r\u00e9cup\u00e9r\u00e9 chez moi un tr\u00e8s bel espace interne de 50m\u00b2 et externe bien plus grand dans un bel \u00e9crin de verdure ce qui m&rsquo;enchante !<\/span><\/p>\n<p><b>Le Tai Chi Chuan<\/b>, art martial interne m&rsquo;a petit \u00e0 petit amen\u00e9e vers la d\u00e9couverte pour information ou investissement personnel <b>d\u2019autres types d\u2019approches \u00e9nerg\u00e9tiques<\/b> telles que:<b> M\u00e9ditation<\/b>, <b>M\u00e9decine traditionnelle chinoise<\/b>, <b>Massages sonores <\/b>aux bols tib\u00e9tains ,animation de<b> Relaxations sonores<\/b>, <b>Reiki<\/b> Usui (Ma\u00eetrise)  et <b>Rites du Munay-Ki <\/b>formation \u00e0 l&rsquo;Ecole \u00ab\u00a0Los 4 Caminos\u00a0\u00bb Alberto Villoldo et Marcela Lobos Chili)) .<\/p>\n<\/div><div class=\"fusion-clearfix\"><\/div><\/div><\/div><\/div><\/div><div class=\"fusion-fullwidth fullwidth-box fusion-builder-row-6 nonhundred-percent-fullwidth non-hundred-percent-height-scrolling\" style=\"--awb-border-radius-top-left:0px;--awb-border-radius-top-right:0px;--awb-border-radius-bottom-right:0px;--awb-border-radius-bottom-left:0px;--awb-flex-wrap:wrap;\" ><div class=\"fusion-builder-row fusion-row\"><div class=\"fusion-layout-column fusion_builder_column fusion-builder-column-3 fusion_builder_column_3_4 3_4 fusion-three-fourth fusion-column-first\" style=\"--awb-bg-size:cover;width:75%;width:calc(75% - ( ( 4% ) * 0.75 ) );margin-right: 4%;\"><div class=\"fusion-column-wrapper fusion-column-has-shadow fusion-flex-column-wrapper-legacy\"><div class=\"fusion-text fusion-text-4\"><p><b>Form\u00e9e au \u00ab Massage sonore \u00bb<\/b> en 1er lieu selon la m\u00e9thode <i>\u00ab Peter Hess \u00bb<\/i> j\u2019ai eu le plaisir de d\u00e9couvrir des bols dont la qualit\u00e9, la puret\u00e9 des sons et la diversit\u00e9 permettent aussi bien un travail de groupe qu\u2019individuel.<\/p>\n<p><span style=\"background-color: rgba(255, 255, 255, 0); color: var(--body_typography-color); font-family: var(--body_typography-font-family); font-size: var(--body_typography-font-size); font-style: var(--body_typography-font-style,normal); font-weight: var(--body_typography-font-weight); letter-spacing: var(--body_typography-letter-spacing);\">Apr\u00e8s une premi\u00e8re approche gr\u00e2ce au <u>module de base \u00ab\u00a0Massage sonores\u00a0\u00bb<\/u> \u00e9tal\u00e9 sur  plusieurs week-end et une certification supervis\u00e9e par  Lutz Doering (Allemagne) en 2012 , j&rsquo;ai pu continuer \u00e0 <a href=\"http:\/\/www.peter-hess-academy.be\/\" target=\"_blank\" rel=\"noopener noreferrer\">l&rsquo;acad\u00e9mie Belge Peter Hess<\/a> les formations suivantes:<\/span><\/p>\n<ul>\n<li>son et gestion de groupe<\/li>\n<li>KIK = Communiquer par le son avec les enfants<\/li>\n<li>Relaxation par les Gong sonores (et en pr\u00e9paration approfondissement) niveau I.<\/li>\n<li>massage sonore assis <\/li>\n<li>\u00e9quilibration des chakras <\/li>\n<li>Actualisation des connaissances  en septembre 2022.<\/li>\n<\/ul>\n<p>D&rsquo;autres types d&rsquo;approche m&rsquo;ont permis de connaitre des m\u00e9thodes n\u00e9palaises ou encore dites asiatiques ainsi que le massage des pieds au bol Kansu (Inde)<\/p>\n<\/div><div class=\"fusion-clearfix\"><\/div><\/div><\/div><div class=\"fusion-layout-column fusion_builder_column fusion-builder-column-4 fusion_builder_column_1_4 1_4 fusion-one-fourth fusion-column-last\" style=\"--awb-bg-size:cover;width:25%;width:calc(25% - ( ( 4% ) * 0.25 ) );\"><div class=\"fusion-column-wrapper fusion-column-has-shadow fusion-flex-column-wrapper-legacy\"><div class=\"fusion-image-element in-legacy-container\" style=\"--awb-caption-title-font-family:var(--h2_typography-font-family);--awb-caption-title-font-weight:var(--h2_typography-font-weight);--awb-caption-title-font-style:var(--h2_typography-font-style);--awb-caption-title-size:var(--h2_typography-font-size);--awb-caption-title-transform:var(--h2_typography-text-transform);--awb-caption-title-line-height:var(--h2_typography-line-height);--awb-caption-title-letter-spacing:var(--h2_typography-letter-spacing);\"><span class=\" fusion-imageframe imageframe-dropshadow imageframe-2 hover-type-none\" style=\"-webkit-box-shadow: 15px 15px 19px rgba(0,0,0,0.3);box-shadow: 15px 15px 19px rgba(0,0,0,0.3);\"><img decoding=\"async\" width=\"300\" height=\"200\" title=\"Douceur du Son &#8211; Massages &#8211; Relaxation Sonore &#8211; Tai Chi \u2013 Idogo\u00ae &#8211; Reiki -Li\u00e8ge &#8211; Belgique\" src=\"https:\/\/douceurduson.com\/wp-content\/uploads\/2019\/10\/MG_6389-Copie-Copier-300x200.jpg\" alt class=\"img-responsive wp-image-1126\" srcset=\"https:\/\/douceurduson.com\/wp-content\/uploads\/2019\/10\/MG_6389-Copie-Copier-200x133.jpg 200w, https:\/\/douceurduson.com\/wp-content\/uploads\/2019\/10\/MG_6389-Copie-Copier-400x267.jpg 400w, https:\/\/douceurduson.com\/wp-content\/uploads\/2019\/10\/MG_6389-Copie-Copier-600x400.jpg 600w, https:\/\/douceurduson.com\/wp-content\/uploads\/2019\/10\/MG_6389-Copie-Copier-800x533.jpg 800w, https:\/\/douceurduson.com\/wp-content\/uploads\/2019\/10\/MG_6389-Copie-Copier-1200x800.jpg 1200w, https:\/\/douceurduson.com\/wp-content\/uploads\/2019\/10\/MG_6389-Copie-Copier.jpg 1620w\" sizes=\"(max-width: 850px) 100vw, 400px\" \/><\/span><\/div><div class=\"fusion-clearfix\"><\/div><\/div><\/div><\/div><\/div><div class=\"fusion-fullwidth fullwidth-box fusion-builder-row-7 nonhundred-percent-fullwidth non-hundred-percent-height-scrolling\" style=\"--awb-border-radius-top-left:0px;--awb-border-radius-top-right:0px;--awb-border-radius-bottom-right:0px;--awb-border-radius-bottom-left:0px;--awb-flex-wrap:wrap;\" ><div class=\"fusion-builder-row fusion-row\"><div class=\"fusion-layout-column fusion_builder_column fusion-builder-column-5 fusion_builder_column_1_3 1_3 fusion-one-third fusion-column-first\" style=\"--awb-bg-size:cover;width:33.333333333333%;width:calc(33.333333333333% - ( ( 4% ) * 0.33333333333333 ) );margin-right: 4%;\"><div class=\"fusion-column-wrapper fusion-column-has-shadow fusion-flex-column-wrapper-legacy\"><div class=\"fusion-image-element in-legacy-container\" style=\"--awb-caption-title-font-family:var(--h2_typography-font-family);--awb-caption-title-font-weight:var(--h2_typography-font-weight);--awb-caption-title-font-style:var(--h2_typography-font-style);--awb-caption-title-size:var(--h2_typography-font-size);--awb-caption-title-transform:var(--h2_typography-text-transform);--awb-caption-title-line-height:var(--h2_typography-line-height);--awb-caption-title-letter-spacing:var(--h2_typography-letter-spacing);\"><span class=\" fusion-imageframe imageframe-dropshadow imageframe-3 hover-type-none\" style=\"-webkit-box-shadow: 15px 15px 19px rgba(0,0,0,0.3);box-shadow: 15px 15px 19px rgba(0,0,0,0.3);\"><img decoding=\"async\" width=\"300\" height=\"200\" title=\"Douceur du Son &#8211; Massages &#8211; Relaxation Sonore &#8211; Tai Chi \u2013 Idogo\u00ae &#8211; Reiki -Li\u00e8ge &#8211; Belgique\" src=\"https:\/\/douceurduson.com\/wp-content\/uploads\/2019\/10\/MG_6074-300x200.jpg\" alt class=\"img-responsive wp-image-1155\" srcset=\"https:\/\/douceurduson.com\/wp-content\/uploads\/2019\/10\/MG_6074-200x133.jpg 200w, https:\/\/douceurduson.com\/wp-content\/uploads\/2019\/10\/MG_6074-400x267.jpg 400w, https:\/\/douceurduson.com\/wp-content\/uploads\/2019\/10\/MG_6074-600x400.jpg 600w, https:\/\/douceurduson.com\/wp-content\/uploads\/2019\/10\/MG_6074-800x533.jpg 800w, https:\/\/douceurduson.com\/wp-content\/uploads\/2019\/10\/MG_6074-1200x800.jpg 1200w\" sizes=\"(max-width: 850px) 100vw, 400px\" \/><\/span><\/div><div class=\"fusion-clearfix\"><\/div><\/div><\/div><div class=\"fusion-layout-column fusion_builder_column fusion-builder-column-6 fusion_builder_column_2_3 2_3 fusion-two-third fusion-column-last\" style=\"--awb-bg-size:cover;width:66.666666666667%;width:calc(66.666666666667% - ( ( 4% ) * 0.66666666666667 ) );\"><div class=\"fusion-column-wrapper fusion-column-has-shadow fusion-flex-column-wrapper-legacy\"><div class=\"fusion-text fusion-text-5\"><p><span style=\"background-color: rgba(255, 255, 255, 0); color: var(--body_typography-color); font-family: var(--body_typography-font-family); font-size: var(--body_typography-font-size); font-style: var(--body_typography-font-style,normal); letter-spacing: var(--body_typography-letter-spacing);\"><b>Pour en savoir plus :<\/b><\/span><\/p>\n<p><span style=\"background-color: rgba(255, 255, 255, 0); color: var(--body_typography-color); font-family: var(--body_typography-font-family); font-size: var(--body_typography-font-size); font-style: var(--body_typography-font-style,normal); font-weight: var(--body_typography-font-weight); letter-spacing: var(--body_typography-letter-spacing);\"><a href=\"http:\/\/www.idogo.be\" target=\"_blank\" rel=\"noopener noreferrer\">http:\/\/www.idogo.be<\/a><\/span><\/p>\n<p><a href=\"http:\/\/www.ecoledetaichi.be\/\" target=\"_blank\" rel=\"noopener noreferrer\">http:\/\/www.ecoledetaichi.be\/<\/a><\/p>\n<p><a href=\"http:\/\/www.pratiques-reiki.com\/\" target=\"_blank\" rel=\"noopener noreferrer\">http:\/\/www.pratiques-reiki.com\/<\/a><\/p>\n<p><a href=\"https:\/\/www.reikiforum.com\/\" target=\"_blank\" rel=\"noopener noreferrer\">https:\/\/www.reikiforum.com\/<\/a><\/p>\n<p><span style=\"background-color: rgba(255, 255, 255, 0); color: var(--body_typography-color); font-family: var(--body_typography-font-family); font-size: var(--body_typography-font-size); font-style: var(--body_typography-font-style,normal); font-weight: var(--body_typography-font-weight); letter-spacing: var(--body_typography-letter-spacing);\"><a href=\"http:\/\/www.peter-hess-academy.be\/\" target=\"_blank\" rel=\"noopener noreferrer\">http:\/\/www.peter-hess-academy.be\/<\/a><\/span><\/p>\n<\/div><div class=\"fusion-clearfix\"><\/div><\/div><\/div><\/div><\/div>","protected":false},"excerpt":{"rendered":"","protected":false},"author":2,"featured_media":0,"parent":0,"menu_order":0,"comment_status":"open","ping_status":"closed","template":"100-width.php","meta":{"footnotes":""},"class_list":["post-1047","page","type-page","status-publish","hentry"],"_links":{"self":[{"href":"https:\/\/douceurduson.com\/index.php?rest_route=\/wp\/v2\/pages\/1047","targetHints":{"allow":["GET"]}}],"collection":[{"href":"https:\/\/douceurduson.com\/index.php?rest_route=\/wp\/v2\/pages"}],"about":[{"href":"https:\/\/douceurduson.com\/index.php?rest_route=\/wp\/v2\/types\/page"}],"author":[{"embeddable":true,"href":"https:\/\/douceurduson.com\/index.php?rest_route=\/wp\/v2\/users\/2"}],"replies":[{"embeddable":true,"href":"https:\/\/douceurduson.com\/index.php?rest_route=%2Fwp%2Fv2%2Fcomments&post=1047"}],"version-history":[{"count":24,"href":"https:\/\/douceurduson.com\/index.php?rest_route=\/wp\/v2\/pages\/1047\/revisions"}],"predecessor-version":[{"id":1549,"href":"https:\/\/douceurduson.com\/index.php?rest_route=\/wp\/v2\/pages\/1047\/revisions\/1549"}],"wp:attachment":[{"href":"https:\/\/douceurduson.com\/index.php?rest_route=%2Fwp%2Fv2%2Fmedia&parent=1047"}],"curies":[{"name":"wp","href":"https:\/\/api.w.org\/{rel}","templated":true}]}}