{"id":1046,"date":"2025-02-20T20:12:00","date_gmt":"2025-02-20T19:12:00","guid":{"rendered":"https:\/\/avada.theme-fusion.com_demos\/law\/?page_id=8"},"modified":"2025-07-05T20:01:48","modified_gmt":"2025-07-05T18:01:48","slug":"home","status":"publish","type":"page","link":"https:\/\/douceurduson.com\/","title":{"rendered":"Home"},"content":{"rendered":"<p><div class=\"fusion-fullwidth fullwidth-box fusion-builder-row-1 nonhundred-percent-fullwidth non-hundred-percent-height-scrolling fusion-equal-height-columns\" style=\"--awb-background-position:left top;--awb-background-blend-mode:overlay;--awb-border-sizes-top:0px;--awb-border-sizes-bottom:0px;--awb-border-sizes-left:0px;--awb-border-sizes-right:0px;--awb-border-radius-top-left:0px;--awb-border-radius-top-right:0px;--awb-border-radius-bottom-right:0px;--awb-border-radius-bottom-left:0px;--awb-padding-top:20px;--awb-padding-right:5px;--awb-padding-bottom:20px;--awb-padding-left:5px;--awb-margin-bottom:0px;--awb-background-color:rgba(255,255,255,0.5);--awb-flex-wrap:wrap;\" ><div class=\"fusion-builder-row fusion-row\"><div class=\"fusion-layout-column fusion_builder_column fusion-builder-column-0 fusion_builder_column_1_3 1_3 fusion-one-third fusion-column-first\" style=\"--awb-padding-top:45px;--awb-padding-right:45px;--awb-padding-bottom:45px;--awb-padding-left:45px;--awb-bg-color:#ffffff;--awb-bg-color-hover:#ffffff;--awb-bg-size:cover;--awb-border-color:#e2e2e2;--awb-border-top:1px;--awb-border-right:1px;--awb-border-bottom:1px;--awb-border-left:1px;--awb-border-style:solid;--awb-margin-bottom:40px;\"><div class=\"fusion-column-wrapper fusion-flex-column-wrapper-legacy\"><div class=\"fusion-image-element fusion-image-align-center in-legacy-container\" style=\"text-align:center;--awb-caption-title-font-family:var(--h2_typography-font-family);--awb-caption-title-font-weight:var(--h2_typography-font-weight);--awb-caption-title-font-style:var(--h2_typography-font-style);--awb-caption-title-size:var(--h2_typography-font-size);--awb-caption-title-transform:var(--h2_typography-text-transform);--awb-caption-title-line-height:var(--h2_typography-line-height);--awb-caption-title-letter-spacing:var(--h2_typography-letter-spacing);\"><div class=\"imageframe-align-center\"><span class=\" fusion-imageframe imageframe-none imageframe-1 hover-type-zoomin\"><a class=\"fusion-no-lightbox\" href=\"https:\/\/douceurduson.com\/?page_id=1048\" target=\"_self\" aria-label=\"Douceur du Son &#8211; Massages &#8211; Relaxation Sonore &#8211; Li\u00e8ge &#8211; Belgique\"><img decoding=\"async\" width=\"300\" height=\"200\" alt=\"Relaxation \/ Massage Sonore\" src=\"https:\/\/douceurduson.com\/wp-content\/uploads\/2019\/10\/singing-bowl-4293693_1920-300x200.jpg\" class=\"img-responsive wp-image-149\" srcset=\"https:\/\/douceurduson.com\/wp-content\/uploads\/2019\/10\/singing-bowl-4293693_1920-300x200.jpg 300w, https:\/\/douceurduson.com\/wp-content\/uploads\/2019\/10\/singing-bowl-4293693_1920-768x512.jpg 768w, https:\/\/douceurduson.com\/wp-content\/uploads\/2019\/10\/singing-bowl-4293693_1920-1024x683.jpg 1024w, https:\/\/douceurduson.com\/wp-content\/uploads\/2019\/10\/singing-bowl-4293693_1920-1620x1080.jpg 1620w, https:\/\/douceurduson.com\/wp-content\/uploads\/2019\/10\/singing-bowl-4293693_1920.jpg 1920w\" sizes=\"(max-width: 300px) 100vw, 300px\" \/><\/a><\/span><\/div><\/div><div class=\"fusion-sep-clear\"><\/div><div class=\"fusion-separator fusion-full-width-sep\" style=\"margin-left: auto;margin-right: auto;margin-top:10px;width:100%;\"><\/div><div class=\"fusion-sep-clear\"><\/div><div class=\"fusion-text fusion-text-1\"><h3 style=\"text-align: center;\">RELAXATIONS ET<br \/>\nMASSAGES SONORES<\/h3>\n<p style=\"text-align: justify;\"><span style=\"color: var(--body_typography-color); font-family: var(--body_typography-font-family); font-size: var(--body_typography-font-size); font-style: var(--body_typography-font-style,normal); font-weight: var(--body_typography-font-weight); letter-spacing: var(--body_typography-letter-spacing);\">Diff\u00e9rentes approches du son et des vibrations : un pur moment de d\u00e9tente et de bien-\u00eatre. <\/span><span style=\"color: var(--body_typography-color); font-family: var(--body_typography-font-family); font-size: var(--body_typography-font-size); font-style: var(--body_typography-font-style,normal); font-weight: var(--body_typography-font-weight); letter-spacing: var(--body_typography-letter-spacing);\">Bols tib\u00e9tains, gongs, tambours divers, et autres instruments pour une pause hors du temps<\/span><\/p>\n<\/div><div class=\"fusion-clearfix\"><\/div><\/div><\/div><div class=\"fusion-layout-column fusion_builder_column fusion-builder-column-1 fusion_builder_column_1_3 1_3 fusion-one-third\" style=\"--awb-padding-top:45px;--awb-padding-right:45px;--awb-padding-bottom:45px;--awb-padding-left:45px;--awb-bg-color:#ffffff;--awb-bg-color-hover:#ffffff;--awb-bg-size:cover;--awb-border-color:#e2e2e2;--awb-border-top:1px;--awb-border-right:1px;--awb-border-bottom:1px;--awb-border-left:1px;--awb-border-style:solid;--awb-margin-bottom:40px;\"><div class=\"fusion-column-wrapper fusion-flex-column-wrapper-legacy\"><div class=\"fusion-image-element fusion-image-align-center in-legacy-container\" style=\"text-align:center;--awb-caption-title-font-family:var(--h2_typography-font-family);--awb-caption-title-font-weight:var(--h2_typography-font-weight);--awb-caption-title-font-style:var(--h2_typography-font-style);--awb-caption-title-size:var(--h2_typography-font-size);--awb-caption-title-transform:var(--h2_typography-text-transform);--awb-caption-title-line-height:var(--h2_typography-line-height);--awb-caption-title-letter-spacing:var(--h2_typography-letter-spacing);\"><div class=\"imageframe-align-center\"><span class=\" fusion-imageframe imageframe-none imageframe-2 hover-type-zoomin\"><a class=\"fusion-no-lightbox\" href=\"https:\/\/douceurduson.com\/?page_id=1049\" target=\"_self\" aria-label=\"tai-qi-1583805_1920\"><img decoding=\"async\" width=\"300\" height=\"199\" alt=\"Tai Chi \u2013 Idogo\u00ae\" src=\"https:\/\/douceurduson.com\/wp-content\/uploads\/2019\/10\/tai-qi-1583805_1920-300x199.jpg\" class=\"img-responsive wp-image-1091\" srcset=\"https:\/\/douceurduson.com\/wp-content\/uploads\/2019\/10\/tai-qi-1583805_1920-200x133.jpg 200w, https:\/\/douceurduson.com\/wp-content\/uploads\/2019\/10\/tai-qi-1583805_1920-400x266.jpg 400w, https:\/\/douceurduson.com\/wp-content\/uploads\/2019\/10\/tai-qi-1583805_1920-600x398.jpg 600w, https:\/\/douceurduson.com\/wp-content\/uploads\/2019\/10\/tai-qi-1583805_1920-800x531.jpg 800w, https:\/\/douceurduson.com\/wp-content\/uploads\/2019\/10\/tai-qi-1583805_1920-1200x797.jpg 1200w, https:\/\/douceurduson.com\/wp-content\/uploads\/2019\/10\/tai-qi-1583805_1920.jpg 1920w\" sizes=\"(max-width: 850px) 100vw, 400px\" \/><\/a><\/span><\/div><\/div><div class=\"fusion-sep-clear\"><\/div><div class=\"fusion-separator fusion-full-width-sep\" style=\"margin-left: auto;margin-right: auto;margin-top:10px;width:100%;\"><\/div><div class=\"fusion-sep-clear\"><\/div><div class=\"fusion-text fusion-text-2\"><h3 style=\"text-align: center;\">TAI CHI &#8211; IDOGO\u00ae<\/h3>\n<p style=\"text-align: justify;\">Nous vous proposons des cours de Tai Chi Chuan style Yang utilisant l\u2019\u00e9volution par les Chi Kung avec l\u2019Idogo\u00ae<\/p>\n<p style=\"text-align: justify;\">Vous souhaitez d\u00e9couvrir ou vous perfectionner ? Contactez-nous !<\/p>\n<\/div><div class=\"fusion-clearfix\"><\/div><\/div><\/div><div class=\"fusion-layout-column fusion_builder_column fusion-builder-column-2 fusion_builder_column_1_3 1_3 fusion-one-third fusion-column-last\" style=\"--awb-padding-top:45px;--awb-padding-right:45px;--awb-padding-bottom:45px;--awb-padding-left:45px;--awb-bg-color:#ffffff;--awb-bg-color-hover:#ffffff;--awb-bg-size:cover;--awb-border-color:#e2e2e2;--awb-border-top:1px;--awb-border-right:1px;--awb-border-bottom:1px;--awb-border-left:1px;--awb-border-style:solid;--awb-margin-bottom:40px;\"><div class=\"fusion-column-wrapper fusion-flex-column-wrapper-legacy\"><div class=\"fusion-image-element fusion-image-align-center in-legacy-container\" style=\"text-align:center;--awb-caption-title-font-family:var(--h2_typography-font-family);--awb-caption-title-font-weight:var(--h2_typography-font-weight);--awb-caption-title-font-style:var(--h2_typography-font-style);--awb-caption-title-size:var(--h2_typography-font-size);--awb-caption-title-transform:var(--h2_typography-text-transform);--awb-caption-title-line-height:var(--h2_typography-line-height);--awb-caption-title-letter-spacing:var(--h2_typography-letter-spacing);\"><div class=\"imageframe-align-center\"><span class=\" fusion-imageframe imageframe-none imageframe-3 hover-type-zoomin\"><a class=\"fusion-no-lightbox\" href=\"https:\/\/douceurduson.com\/?page_id=1664\" target=\"_self\" aria-label=\"Munay Ki\"><img decoding=\"async\" width=\"300\" height=\"168\" alt=\"Reiki\" src=\"https:\/\/douceurduson.com\/wp-content\/uploads\/2025\/07\/Munay-Ki-300x168.png\" class=\"img-responsive wp-image-1733\" srcset=\"https:\/\/douceurduson.com\/wp-content\/uploads\/2025\/07\/Munay-Ki-200x112.png 200w, https:\/\/douceurduson.com\/wp-content\/uploads\/2025\/07\/Munay-Ki-400x224.png 400w, https:\/\/douceurduson.com\/wp-content\/uploads\/2025\/07\/Munay-Ki-600x336.png 600w, https:\/\/douceurduson.com\/wp-content\/uploads\/2025\/07\/Munay-Ki-800x448.png 800w, https:\/\/douceurduson.com\/wp-content\/uploads\/2025\/07\/Munay-Ki-1200x673.png 1200w, https:\/\/douceurduson.com\/wp-content\/uploads\/2025\/07\/Munay-Ki.png 1456w\" sizes=\"(max-width: 850px) 100vw, 400px\" \/><\/a><\/span><\/div><\/div><div class=\"fusion-sep-clear\"><\/div><div class=\"fusion-separator fusion-full-width-sep\" style=\"margin-left: auto;margin-right: auto;margin-top:10px;width:100%;\"><\/div><div class=\"fusion-sep-clear\"><\/div><div class=\"fusion-text fusion-text-3\"><h3 style=\"text-align: center;\">MUNAY KI<\/h3>\n<p style=\"text-align: justify;\">Le Munay Ki est un ensemble de rites de gu\u00e9rison et de transformation spirituelle inspir\u00e9s des traditions andines, visant \u00e0 reconnecter l&rsquo;individu \u00e0 son \u00e9nergie vitale et \u00e0 son potentiel int\u00e9rieur. Parmi ses bienfaits, il favorise la gu\u00e9rison \u00e9motionnelle, l&rsquo;\u00e9quilibre des \u00e9nergies et l&rsquo;\u00e9veil spirituel, permettant une plus grande harmonie et une meilleure compr\u00e9hension de soi.<\/p>\n<\/div><div class=\"fusion-clearfix\"><\/div><\/div><\/div><\/div><\/div><div class=\"fusion-fullwidth fullwidth-box fusion-builder-row-2 nonhundred-percent-fullwidth non-hundred-percent-height-scrolling\" style=\"--awb-border-radius-top-left:0px;--awb-border-radius-top-right:0px;--awb-border-radius-bottom-right:0px;--awb-border-radius-bottom-left:0px;--awb-flex-wrap:wrap;\" ><div class=\"fusion-builder-row fusion-row\"><div class=\"fusion-layout-column fusion_builder_column fusion-builder-column-3 fusion_builder_column_1_1 1_1 fusion-one-full fusion-column-first fusion-column-last\" style=\"--awb-bg-size:cover;\"><div class=\"fusion-column-wrapper fusion-column-has-shadow fusion-flex-column-wrapper-legacy\"><div class=\"fusion-text fusion-text-4\"><h2 style=\"text-align: center;\"><span style=\"vertical-align: inherit;\"><span style=\"vertical-align: inherit;\">Localisation: Province de Li\u00e8ge en Belgique<\/span><\/span><\/h2>\n<p style=\"text-align: center;\"><span style=\"vertical-align: inherit;\"><span style=\"vertical-align: inherit;\">Douceur du son et du mouvement 2025 &#8211; Relaxation Sonore &#8211; Massage Sonores &#8211; Tai Chi &#8211; Idogo\u00ae &#8211; Munay Ki &#8211; Cours Collectifs &#8211; Location de salles<\/span><\/span><\/p>\n<\/div><div class=\"fusion-clearfix\"><\/div><\/div><\/div><\/div><\/div><\/p>\n","protected":false},"excerpt":{"rendered":"","protected":false},"author":2,"featured_media":0,"parent":0,"menu_order":0,"comment_status":"open","ping_status":"closed","template":"100-width.php","meta":{"footnotes":""},"class_list":["post-1046","page","type-page","status-publish","hentry"],"_links":{"self":[{"href":"https:\/\/douceurduson.com\/index.php?rest_route=\/wp\/v2\/pages\/1046","targetHints":{"allow":["GET"]}}],"collection":[{"href":"https:\/\/douceurduson.com\/index.php?rest_route=\/wp\/v2\/pages"}],"about":[{"href":"https:\/\/douceurduson.com\/index.php?rest_route=\/wp\/v2\/types\/page"}],"author":[{"embeddable":true,"href":"https:\/\/douceurduson.com\/index.php?rest_route=\/wp\/v2\/users\/2"}],"replies":[{"embeddable":true,"href":"https:\/\/douceurduson.com\/index.php?rest_route=%2Fwp%2Fv2%2Fcomments&post=1046"}],"version-history":[{"count":24,"href":"https:\/\/douceurduson.com\/index.php?rest_route=\/wp\/v2\/pages\/1046\/revisions"}],"predecessor-version":[{"id":1745,"href":"https:\/\/douceurduson.com\/index.php?rest_route=\/wp\/v2\/pages\/1046\/revisions\/1745"}],"wp:attachment":[{"href":"https:\/\/douceurduson.com\/index.php?rest_route=%2Fwp%2Fv2%2Fmedia&parent=1046"}],"curies":[{"name":"wp","href":"https:\/\/api.w.org\/{rel}","templated":true}]}}